{"id":10492,"date":"2022-04-22T15:30:33","date_gmt":"2022-04-22T19:45:38","guid":{"rendered":"https:\/\/missmarmelades.com\/?post_type=product&#038;p=10492"},"modified":"2025-01-30T16:09:45","modified_gmt":"2025-01-30T21:09:45","slug":"kitchen-helpers-spice-mixes","status":"publish","type":"product","link":"https:\/\/www.missmarmelades.com\/en\/product\/kitchen-helpers-spice-mixes\/","title":{"rendered":"Kitchen Helpers spice mixes"},"content":{"rendered":"<p>The <strong>Classic BBQ Spice Blend<\/strong> is perfect for adding a delicious, authentic flavor to all your grilled meats. Made from a perfectly balanced mix of smoked paprika, garlic, onion, cumin, and black pepper, this blend creates a flavorful crust and an irresistible smoky taste. Use it on steaks, ribs, chicken, pork, and even grilled vegetables to infuse your meals with a classic barbecue touch. Pair it with our La Caroline BBQ Sauce for the ultimate pulled pork experience.<\/p>\n<p>The <strong>Java Spice Blend<\/strong> is a rich and versatile combination that enhances the taste of any meat. Made with a mix of coffee, black pepper, smoked paprika, and a hint of chipotle, this dry rub adds a bold, slightly sweet, and smoky flavor to your grilled and roasted dishes. Rub it onto your meats before cooking, or sprinkle it over grilled vegetables for an exotic and delicious twist. The Java Spice Blend is a must-have for anyone looking to add a bold and unique taste to their kitchen.<\/p>\n<p>Our <strong>Citrus Spice Blend<\/strong> brings a burst of freshness to your dishes. Carefully selected herbs and spices are enhanced with zesty lemon, creating an explosion of flavors. Sprinkle this blend over chicken, fish, vegetables, or tofu before cooking for a crispy, aromatic crust. Try it as a seasoning for salads or as a topping for scrambled eggs for a breakfast packed with flavor.<\/p>\n<p>The <strong>Marmiton Spice Trio<\/strong> is perfect for food lovers who enjoy adding a kick of seasoning to their favorite dishes. This gift set includes three distinct blends: the Java Spice Blend, ideal for enhancing the flavors of grilled or roasted meats; the BBQ Spice Blend, perfect for infusing your barbecued dishes with smoky and spicy notes; and the Citrus Spice Blend, which adds a touch of brightness and acidity to fish or poultry. These spice blends are easy to use and will bring a burst of flavor to any meal.<\/p>\n","protected":false},"excerpt":{"rendered":"<p>Looking inspiration? Miss Marmelades now offers three spice blends to add a flavorful kick to your favorite recipes!<\/p>\n","protected":false},"featured_media":10658,"comment_status":"closed","ping_status":"closed","template":"","meta":{"_acf_changed":false},"product_brand":[],"product_cat":[46],"product_tag":[],"class_list":{"0":"post-10492","1":"product","2":"type-product","3":"status-publish","4":"has-post-thumbnail","6":"product_cat-kitchen-helpers","8":"first","9":"instock","10":"purchasable","11":"product-type-variable"},"acf":[],"yoast_head":"<!-- This site is optimized with the Yoast SEO plugin v27.5 - https:\/\/yoast.com\/product\/yoast-seo-wordpress\/ -->\n<title>Kitchen Helpers spice mixes Made in Canada for Chefs<\/title>\n<meta name=\"description\" content=\"This Kitchen Helpers spice mixes is perfect for your favorite recipes. Experience our spices today! It\u2019s a great gift for chefs or for yourself.\" \/>\n<meta name=\"robots\" content=\"index, follow, max-snippet:-1, max-image-preview:large, max-video-preview:-1\" \/>\n<link rel=\"canonical\" href=\"https:\/\/www.missmarmelades.com\/en\/product\/kitchen-helpers-spice-mixes\/\" \/>\n<meta property=\"og:locale\" content=\"en_US\" \/>\n<meta property=\"og:type\" content=\"article\" \/>\n<meta property=\"og:title\" content=\"Kitchen Helpers spice mixes Made in Canada for Chefs\" \/>\n<meta property=\"og:description\" content=\"This Kitchen Helpers spice mixes is perfect for your favorite recipes. Experience our spices today! It\u2019s a great gift for chefs or for yourself.\" \/>\n<meta property=\"og:url\" content=\"https:\/\/www.missmarmelades.com\/en\/product\/kitchen-helpers-spice-mixes\/\" \/>\n<meta property=\"og:site_name\" content=\"Miss Marmelades\" \/>\n<meta property=\"article:modified_time\" content=\"2025-01-30T21:09:45+00:00\" \/>\n<meta property=\"og:image\" content=\"https:\/\/www.missmarmelades.com\/wp-content\/uploads\/2022\/04\/trio-epice-1-scaled.jpg\" \/>\n\t<meta property=\"og:image:width\" content=\"2024\" \/>\n\t<meta property=\"og:image:height\" content=\"2560\" \/>\n\t<meta property=\"og:image:type\" content=\"image\/jpeg\" \/>\n<meta name=\"twitter:card\" content=\"summary_large_image\" \/>\n<meta name=\"twitter:label1\" content=\"Est. reading time\" \/>\n\t<meta name=\"twitter:data1\" content=\"2 minutes\" \/>\n<script type=\"application\/ld+json\" class=\"yoast-schema-graph\">{\"@context\":\"https:\\\/\\\/schema.org\",\"@graph\":[{\"@type\":\"WebPage\",\"@id\":\"https:\\\/\\\/www.missmarmelades.com\\\/en\\\/product\\\/kitchen-helpers-spice-mixes\\\/\",\"url\":\"https:\\\/\\\/www.missmarmelades.com\\\/en\\\/product\\\/kitchen-helpers-spice-mixes\\\/\",\"name\":\"Kitchen Helpers spice mixes Made in Canada for Chefs\",\"isPartOf\":{\"@id\":\"https:\\\/\\\/www.missmarmelades.com\\\/en\\\/#website\"},\"primaryImageOfPage\":{\"@id\":\"https:\\\/\\\/www.missmarmelades.com\\\/en\\\/product\\\/kitchen-helpers-spice-mixes\\\/#primaryimage\"},\"image\":{\"@id\":\"https:\\\/\\\/www.missmarmelades.com\\\/en\\\/product\\\/kitchen-helpers-spice-mixes\\\/#primaryimage\"},\"thumbnailUrl\":\"https:\\\/\\\/i0.wp.com\\\/www.missmarmelades.com\\\/wp-content\\\/uploads\\\/2022\\\/04\\\/trio-epice-1-scaled.jpg?fit=2024%2C2560&ssl=1\",\"datePublished\":\"2022-04-22T19:45:38+00:00\",\"dateModified\":\"2025-01-30T21:09:45+00:00\",\"description\":\"This Kitchen Helpers spice mixes is perfect for your favorite recipes. Experience our spices today! It\u2019s a great gift for chefs or for yourself.\",\"breadcrumb\":{\"@id\":\"https:\\\/\\\/www.missmarmelades.com\\\/en\\\/product\\\/kitchen-helpers-spice-mixes\\\/#breadcrumb\"},\"inLanguage\":\"en-US\",\"potentialAction\":[{\"@type\":\"ReadAction\",\"target\":[\"https:\\\/\\\/www.missmarmelades.com\\\/en\\\/product\\\/kitchen-helpers-spice-mixes\\\/\"]}]},{\"@type\":\"ImageObject\",\"inLanguage\":\"en-US\",\"@id\":\"https:\\\/\\\/www.missmarmelades.com\\\/en\\\/product\\\/kitchen-helpers-spice-mixes\\\/#primaryimage\",\"url\":\"https:\\\/\\\/i0.wp.com\\\/www.missmarmelades.com\\\/wp-content\\\/uploads\\\/2022\\\/04\\\/trio-epice-1-scaled.jpg?fit=2024%2C2560&ssl=1\",\"contentUrl\":\"https:\\\/\\\/i0.wp.com\\\/www.missmarmelades.com\\\/wp-content\\\/uploads\\\/2022\\\/04\\\/trio-epice-1-scaled.jpg?fit=2024%2C2560&ssl=1\",\"width\":2024,\"height\":2560,\"caption\":\"M\u00e9lange de marinade s\u00e8che dry rub Fait au Qu\u00e9bec\"},{\"@type\":\"BreadcrumbList\",\"@id\":\"https:\\\/\\\/www.missmarmelades.com\\\/en\\\/product\\\/kitchen-helpers-spice-mixes\\\/#breadcrumb\",\"itemListElement\":[{\"@type\":\"ListItem\",\"position\":1,\"name\":\"Home\",\"item\":\"https:\\\/\\\/www.missmarmelades.com\\\/en\\\/\"},{\"@type\":\"ListItem\",\"position\":2,\"name\":\"Gourmet Shop: Gourmet Food and Baskets for Delivery\",\"item\":\"https:\\\/\\\/www.missmarmelades.com\\\/en\\\/products\\\/\"},{\"@type\":\"ListItem\",\"position\":3,\"name\":\"Kitchen Helpers spice mixes\"}]},{\"@type\":\"WebSite\",\"@id\":\"https:\\\/\\\/www.missmarmelades.com\\\/en\\\/#website\",\"url\":\"https:\\\/\\\/www.missmarmelades.com\\\/en\\\/\",\"name\":\"Miss Marmelades\",\"description\":\"\",\"potentialAction\":[{\"@type\":\"SearchAction\",\"target\":{\"@type\":\"EntryPoint\",\"urlTemplate\":\"https:\\\/\\\/www.missmarmelades.com\\\/en\\\/?s={search_term_string}\"},\"query-input\":{\"@type\":\"PropertyValueSpecification\",\"valueRequired\":true,\"valueName\":\"search_term_string\"}}],\"inLanguage\":\"en-US\"}]}<\/script>\n<!-- \/ Yoast SEO plugin. -->","yoast_head_json":{"title":"Kitchen Helpers spice mixes Made in Canada for Chefs","description":"This Kitchen Helpers spice mixes is perfect for your favorite recipes. Experience our spices today! It\u2019s a great gift for chefs or for yourself.","robots":{"index":"index","follow":"follow","max-snippet":"max-snippet:-1","max-image-preview":"max-image-preview:large","max-video-preview":"max-video-preview:-1"},"canonical":"https:\/\/www.missmarmelades.com\/en\/product\/kitchen-helpers-spice-mixes\/","og_locale":"en_US","og_type":"article","og_title":"Kitchen Helpers spice mixes Made in Canada for Chefs","og_description":"This Kitchen Helpers spice mixes is perfect for your favorite recipes. Experience our spices today! It\u2019s a great gift for chefs or for yourself.","og_url":"https:\/\/www.missmarmelades.com\/en\/product\/kitchen-helpers-spice-mixes\/","og_site_name":"Miss Marmelades","article_modified_time":"2025-01-30T21:09:45+00:00","og_image":[{"width":2024,"height":2560,"url":"https:\/\/www.missmarmelades.com\/wp-content\/uploads\/2022\/04\/trio-epice-1-scaled.jpg","type":"image\/jpeg"}],"twitter_card":"summary_large_image","twitter_misc":{"Est. reading time":"2 minutes"},"schema":{"@context":"https:\/\/schema.org","@graph":[{"@type":"WebPage","@id":"https:\/\/www.missmarmelades.com\/en\/product\/kitchen-helpers-spice-mixes\/","url":"https:\/\/www.missmarmelades.com\/en\/product\/kitchen-helpers-spice-mixes\/","name":"Kitchen Helpers spice mixes Made in Canada for Chefs","isPartOf":{"@id":"https:\/\/www.missmarmelades.com\/en\/#website"},"primaryImageOfPage":{"@id":"https:\/\/www.missmarmelades.com\/en\/product\/kitchen-helpers-spice-mixes\/#primaryimage"},"image":{"@id":"https:\/\/www.missmarmelades.com\/en\/product\/kitchen-helpers-spice-mixes\/#primaryimage"},"thumbnailUrl":"https:\/\/i0.wp.com\/www.missmarmelades.com\/wp-content\/uploads\/2022\/04\/trio-epice-1-scaled.jpg?fit=2024%2C2560&ssl=1","datePublished":"2022-04-22T19:45:38+00:00","dateModified":"2025-01-30T21:09:45+00:00","description":"This Kitchen Helpers spice mixes is perfect for your favorite recipes. Experience our spices today! It\u2019s a great gift for chefs or for yourself.","breadcrumb":{"@id":"https:\/\/www.missmarmelades.com\/en\/product\/kitchen-helpers-spice-mixes\/#breadcrumb"},"inLanguage":"en-US","potentialAction":[{"@type":"ReadAction","target":["https:\/\/www.missmarmelades.com\/en\/product\/kitchen-helpers-spice-mixes\/"]}]},{"@type":"ImageObject","inLanguage":"en-US","@id":"https:\/\/www.missmarmelades.com\/en\/product\/kitchen-helpers-spice-mixes\/#primaryimage","url":"https:\/\/i0.wp.com\/www.missmarmelades.com\/wp-content\/uploads\/2022\/04\/trio-epice-1-scaled.jpg?fit=2024%2C2560&ssl=1","contentUrl":"https:\/\/i0.wp.com\/www.missmarmelades.com\/wp-content\/uploads\/2022\/04\/trio-epice-1-scaled.jpg?fit=2024%2C2560&ssl=1","width":2024,"height":2560,"caption":"M\u00e9lange de marinade s\u00e8che dry rub Fait au Qu\u00e9bec"},{"@type":"BreadcrumbList","@id":"https:\/\/www.missmarmelades.com\/en\/product\/kitchen-helpers-spice-mixes\/#breadcrumb","itemListElement":[{"@type":"ListItem","position":1,"name":"Home","item":"https:\/\/www.missmarmelades.com\/en\/"},{"@type":"ListItem","position":2,"name":"Gourmet Shop: Gourmet Food and Baskets for Delivery","item":"https:\/\/www.missmarmelades.com\/en\/products\/"},{"@type":"ListItem","position":3,"name":"Kitchen Helpers spice mixes"}]},{"@type":"WebSite","@id":"https:\/\/www.missmarmelades.com\/en\/#website","url":"https:\/\/www.missmarmelades.com\/en\/","name":"Miss Marmelades","description":"","potentialAction":[{"@type":"SearchAction","target":{"@type":"EntryPoint","urlTemplate":"https:\/\/www.missmarmelades.com\/en\/?s={search_term_string}"},"query-input":{"@type":"PropertyValueSpecification","valueRequired":true,"valueName":"search_term_string"}}],"inLanguage":"en-US"}]}},"jetpack_sharing_enabled":true,"_links":{"self":[{"href":"https:\/\/www.missmarmelades.com\/en\/wp-json\/wp\/v2\/product\/10492","targetHints":{"allow":["GET"]}}],"collection":[{"href":"https:\/\/www.missmarmelades.com\/en\/wp-json\/wp\/v2\/product"}],"about":[{"href":"https:\/\/www.missmarmelades.com\/en\/wp-json\/wp\/v2\/types\/product"}],"replies":[{"embeddable":true,"href":"https:\/\/www.missmarmelades.com\/en\/wp-json\/wp\/v2\/comments?post=10492"}],"wp:featuredmedia":[{"embeddable":true,"href":"https:\/\/www.missmarmelades.com\/en\/wp-json\/wp\/v2\/media\/10658"}],"wp:attachment":[{"href":"https:\/\/www.missmarmelades.com\/en\/wp-json\/wp\/v2\/media?parent=10492"}],"wp:term":[{"taxonomy":"product_brand","embeddable":true,"href":"https:\/\/www.missmarmelades.com\/en\/wp-json\/wp\/v2\/product_brand?post=10492"},{"taxonomy":"product_cat","embeddable":true,"href":"https:\/\/www.missmarmelades.com\/en\/wp-json\/wp\/v2\/product_cat?post=10492"},{"taxonomy":"product_tag","embeddable":true,"href":"https:\/\/www.missmarmelades.com\/en\/wp-json\/wp\/v2\/product_tag?post=10492"}],"curies":[{"name":"wp","href":"https:\/\/api.w.org\/{rel}","templated":true}]}}