{"id":9991,"date":"2015-04-04T19:08:54","date_gmt":"2015-04-04T23:08:54","guid":{"rendered":"https:\/\/missmarmelades.com\/product\/gelee-de-piment-fort\/"},"modified":"2026-03-19T14:57:41","modified_gmt":"2026-03-19T18:57:41","slug":"hot-pepper-jelly","status":"publish","type":"product","link":"https:\/\/www.missmarmelades.com\/en\/product\/hot-pepper-jelly\/","title":{"rendered":"Hot pepper jelly"},"content":{"rendered":"<p>Miss Marmelades&#8217; <strong>hot pepper jelly<\/strong> is the perfect choice for cheese lovers looking to add a spicy and delicious touch to their favorite snacks. Handcrafted according to a unique and original recipe, this jelly is the result of a meticulous artisanal process.<\/p>\n<p>We use high-quality Jamaican hot peppers to create this spicy jelly, which can also serve as a marinade for chicken or pork. The hot pepper jelly from our Cheese Lovers collection is a gourmet discovery that will bring a unique and spicy flavor to your favorite snacks. Whether you spread it on a crostini, a slice of bread, or a wedge of brie, this jelly adds a rich flavor that perfectly complements the creamy taste of cheese. You can also use it as a glaze for grilled meats or as a base for a spicy salad dressing.<\/p>\n<p>In short, if you&#8217;re looking to add a spicy and delicious touch to your cheese platter or favorite snacks, our hot pepper jelly from the Cheese Lovers collection is the perfect choice. Experience a unique and flavorful gourmet discovery that&#8217;s not only handcrafted with care but also offers a unique and original recipe for spicy and delicious flavors.<\/p>\n<p>It is also available in one of our mini trios, accompanied by its companions, port wine jelly and pineapple &amp; pink peppercorn marmalade.<\/p>\n<p>106 ml<\/p>\n","protected":false},"excerpt":{"rendered":"<p>Our renowned hot pepper jelly is crafted using Jamaican hot peppers and can serve as a marinade for chicken or pork. Spicy yet not overwhelming, it&#8217;s one of our favorite products and is deliciously served with p\u00e2t\u00e9s or cheeses. Our hot pepper jelly is handmade in small batches to ensure exceptional quality and an unforgettable taste experience. We use only fresh, local ingredients to guarantee the freshness and quality of our products<\/p>\n","protected":false},"featured_media":11824,"comment_status":"open","ping_status":"closed","template":"","meta":{"_acf_changed":false},"product_brand":[],"product_cat":[45],"product_tag":[],"class_list":{"0":"post-9991","1":"product","2":"type-product","3":"status-publish","4":"has-post-thumbnail","6":"product_cat-cheese-lovers","8":"first","9":"instock","10":"taxable","11":"shipping-taxable","12":"purchasable","13":"product-type-simple"},"acf":[],"yoast_head":"<!-- This site is optimized with the Yoast SEO plugin v27.5 - https:\/\/yoast.com\/product\/yoast-seo-wordpress\/ -->\n<title>Hot pepper jelly: Try it With P\u00e2t\u00e9 or Cheese!<\/title>\n<meta name=\"description\" content=\"Our Hot pepper jelly is delicious served with p\u00e2t\u00e9 or cheese. This pairing is a must-try, either as a gift or simply to treat yourself!\" \/>\n<meta name=\"robots\" content=\"index, follow, max-snippet:-1, max-image-preview:large, max-video-preview:-1\" \/>\n<link rel=\"canonical\" href=\"https:\/\/www.missmarmelades.com\/en\/product\/hot-pepper-jelly\/\" \/>\n<meta property=\"og:locale\" content=\"en_US\" \/>\n<meta property=\"og:type\" content=\"article\" \/>\n<meta property=\"og:title\" content=\"Hot pepper jelly: Try it With P\u00e2t\u00e9 or Cheese!\" \/>\n<meta property=\"og:description\" content=\"Our Hot pepper jelly is delicious served with p\u00e2t\u00e9 or cheese. This pairing is a must-try, either as a gift or simply to treat yourself!\" \/>\n<meta property=\"og:url\" content=\"https:\/\/www.missmarmelades.com\/en\/product\/hot-pepper-jelly\/\" \/>\n<meta property=\"og:site_name\" content=\"Miss Marmelades\" \/>\n<meta property=\"article:modified_time\" content=\"2026-03-19T18:57:41+00:00\" \/>\n<meta property=\"og:image\" content=\"https:\/\/www.missmarmelades.com\/wp-content\/uploads\/2015\/04\/gelee-de-piment.jpeg\" \/>\n\t<meta property=\"og:image:width\" content=\"1544\" \/>\n\t<meta property=\"og:image:height\" content=\"2059\" \/>\n\t<meta property=\"og:image:type\" content=\"image\/jpeg\" \/>\n<meta name=\"twitter:card\" content=\"summary_large_image\" \/>\n<meta name=\"twitter:label1\" content=\"Est. reading time\" \/>\n\t<meta name=\"twitter:data1\" content=\"2 minutes\" \/>\n<script type=\"application\/ld+json\" class=\"yoast-schema-graph\">{\"@context\":\"https:\\\/\\\/schema.org\",\"@graph\":[{\"@type\":\"WebPage\",\"@id\":\"https:\\\/\\\/www.missmarmelades.com\\\/en\\\/product\\\/hot-pepper-jelly\\\/\",\"url\":\"https:\\\/\\\/www.missmarmelades.com\\\/en\\\/product\\\/hot-pepper-jelly\\\/\",\"name\":\"Hot pepper jelly: Try it With P\u00e2t\u00e9 or Cheese!\",\"isPartOf\":{\"@id\":\"https:\\\/\\\/www.missmarmelades.com\\\/en\\\/#website\"},\"primaryImageOfPage\":{\"@id\":\"https:\\\/\\\/www.missmarmelades.com\\\/en\\\/product\\\/hot-pepper-jelly\\\/#primaryimage\"},\"image\":{\"@id\":\"https:\\\/\\\/www.missmarmelades.com\\\/en\\\/product\\\/hot-pepper-jelly\\\/#primaryimage\"},\"thumbnailUrl\":\"https:\\\/\\\/i0.wp.com\\\/www.missmarmelades.com\\\/wp-content\\\/uploads\\\/2015\\\/04\\\/gelee-de-piment.jpeg?fit=1544%2C2059&ssl=1\",\"datePublished\":\"2015-04-04T23:08:54+00:00\",\"dateModified\":\"2026-03-19T18:57:41+00:00\",\"description\":\"Our Hot pepper jelly is delicious served with p\u00e2t\u00e9 or cheese. This pairing is a must-try, either as a gift or simply to treat yourself!\",\"breadcrumb\":{\"@id\":\"https:\\\/\\\/www.missmarmelades.com\\\/en\\\/product\\\/hot-pepper-jelly\\\/#breadcrumb\"},\"inLanguage\":\"en-US\",\"potentialAction\":[{\"@type\":\"ReadAction\",\"target\":[\"https:\\\/\\\/www.missmarmelades.com\\\/en\\\/product\\\/hot-pepper-jelly\\\/\"]}]},{\"@type\":\"ImageObject\",\"inLanguage\":\"en-US\",\"@id\":\"https:\\\/\\\/www.missmarmelades.com\\\/en\\\/product\\\/hot-pepper-jelly\\\/#primaryimage\",\"url\":\"https:\\\/\\\/i0.wp.com\\\/www.missmarmelades.com\\\/wp-content\\\/uploads\\\/2015\\\/04\\\/gelee-de-piment.jpeg?fit=1544%2C2059&ssl=1\",\"contentUrl\":\"https:\\\/\\\/i0.wp.com\\\/www.missmarmelades.com\\\/wp-content\\\/uploads\\\/2015\\\/04\\\/gelee-de-piment.jpeg?fit=1544%2C2059&ssl=1\",\"width\":1544,\"height\":2059,\"caption\":\"gel\u00e9e de piment fort\"},{\"@type\":\"BreadcrumbList\",\"@id\":\"https:\\\/\\\/www.missmarmelades.com\\\/en\\\/product\\\/hot-pepper-jelly\\\/#breadcrumb\",\"itemListElement\":[{\"@type\":\"ListItem\",\"position\":1,\"name\":\"Home\",\"item\":\"https:\\\/\\\/www.missmarmelades.com\\\/en\\\/\"},{\"@type\":\"ListItem\",\"position\":2,\"name\":\"Gourmet Shop: Gourmet Food and Baskets for Delivery\",\"item\":\"https:\\\/\\\/www.missmarmelades.com\\\/en\\\/products\\\/\"},{\"@type\":\"ListItem\",\"position\":3,\"name\":\"Hot pepper jelly\"}]},{\"@type\":\"WebSite\",\"@id\":\"https:\\\/\\\/www.missmarmelades.com\\\/en\\\/#website\",\"url\":\"https:\\\/\\\/www.missmarmelades.com\\\/en\\\/\",\"name\":\"Miss Marmelades\",\"description\":\"\",\"potentialAction\":[{\"@type\":\"SearchAction\",\"target\":{\"@type\":\"EntryPoint\",\"urlTemplate\":\"https:\\\/\\\/www.missmarmelades.com\\\/en\\\/?s={search_term_string}\"},\"query-input\":{\"@type\":\"PropertyValueSpecification\",\"valueRequired\":true,\"valueName\":\"search_term_string\"}}],\"inLanguage\":\"en-US\"}]}<\/script>\n<!-- \/ Yoast SEO plugin. -->","yoast_head_json":{"title":"Hot pepper jelly: Try it With P\u00e2t\u00e9 or Cheese!","description":"Our Hot pepper jelly is delicious served with p\u00e2t\u00e9 or cheese. This pairing is a must-try, either as a gift or simply to treat yourself!","robots":{"index":"index","follow":"follow","max-snippet":"max-snippet:-1","max-image-preview":"max-image-preview:large","max-video-preview":"max-video-preview:-1"},"canonical":"https:\/\/www.missmarmelades.com\/en\/product\/hot-pepper-jelly\/","og_locale":"en_US","og_type":"article","og_title":"Hot pepper jelly: Try it With P\u00e2t\u00e9 or Cheese!","og_description":"Our Hot pepper jelly is delicious served with p\u00e2t\u00e9 or cheese. This pairing is a must-try, either as a gift or simply to treat yourself!","og_url":"https:\/\/www.missmarmelades.com\/en\/product\/hot-pepper-jelly\/","og_site_name":"Miss Marmelades","article_modified_time":"2026-03-19T18:57:41+00:00","og_image":[{"width":1544,"height":2059,"url":"https:\/\/www.missmarmelades.com\/wp-content\/uploads\/2015\/04\/gelee-de-piment.jpeg","type":"image\/jpeg"}],"twitter_card":"summary_large_image","twitter_misc":{"Est. reading time":"2 minutes"},"schema":{"@context":"https:\/\/schema.org","@graph":[{"@type":"WebPage","@id":"https:\/\/www.missmarmelades.com\/en\/product\/hot-pepper-jelly\/","url":"https:\/\/www.missmarmelades.com\/en\/product\/hot-pepper-jelly\/","name":"Hot pepper jelly: Try it With P\u00e2t\u00e9 or Cheese!","isPartOf":{"@id":"https:\/\/www.missmarmelades.com\/en\/#website"},"primaryImageOfPage":{"@id":"https:\/\/www.missmarmelades.com\/en\/product\/hot-pepper-jelly\/#primaryimage"},"image":{"@id":"https:\/\/www.missmarmelades.com\/en\/product\/hot-pepper-jelly\/#primaryimage"},"thumbnailUrl":"https:\/\/i0.wp.com\/www.missmarmelades.com\/wp-content\/uploads\/2015\/04\/gelee-de-piment.jpeg?fit=1544%2C2059&ssl=1","datePublished":"2015-04-04T23:08:54+00:00","dateModified":"2026-03-19T18:57:41+00:00","description":"Our Hot pepper jelly is delicious served with p\u00e2t\u00e9 or cheese. This pairing is a must-try, either as a gift or simply to treat yourself!","breadcrumb":{"@id":"https:\/\/www.missmarmelades.com\/en\/product\/hot-pepper-jelly\/#breadcrumb"},"inLanguage":"en-US","potentialAction":[{"@type":"ReadAction","target":["https:\/\/www.missmarmelades.com\/en\/product\/hot-pepper-jelly\/"]}]},{"@type":"ImageObject","inLanguage":"en-US","@id":"https:\/\/www.missmarmelades.com\/en\/product\/hot-pepper-jelly\/#primaryimage","url":"https:\/\/i0.wp.com\/www.missmarmelades.com\/wp-content\/uploads\/2015\/04\/gelee-de-piment.jpeg?fit=1544%2C2059&ssl=1","contentUrl":"https:\/\/i0.wp.com\/www.missmarmelades.com\/wp-content\/uploads\/2015\/04\/gelee-de-piment.jpeg?fit=1544%2C2059&ssl=1","width":1544,"height":2059,"caption":"gel\u00e9e de piment fort"},{"@type":"BreadcrumbList","@id":"https:\/\/www.missmarmelades.com\/en\/product\/hot-pepper-jelly\/#breadcrumb","itemListElement":[{"@type":"ListItem","position":1,"name":"Home","item":"https:\/\/www.missmarmelades.com\/en\/"},{"@type":"ListItem","position":2,"name":"Gourmet Shop: Gourmet Food and Baskets for Delivery","item":"https:\/\/www.missmarmelades.com\/en\/products\/"},{"@type":"ListItem","position":3,"name":"Hot pepper jelly"}]},{"@type":"WebSite","@id":"https:\/\/www.missmarmelades.com\/en\/#website","url":"https:\/\/www.missmarmelades.com\/en\/","name":"Miss Marmelades","description":"","potentialAction":[{"@type":"SearchAction","target":{"@type":"EntryPoint","urlTemplate":"https:\/\/www.missmarmelades.com\/en\/?s={search_term_string}"},"query-input":{"@type":"PropertyValueSpecification","valueRequired":true,"valueName":"search_term_string"}}],"inLanguage":"en-US"}]}},"jetpack_sharing_enabled":true,"_links":{"self":[{"href":"https:\/\/www.missmarmelades.com\/en\/wp-json\/wp\/v2\/product\/9991","targetHints":{"allow":["GET"]}}],"collection":[{"href":"https:\/\/www.missmarmelades.com\/en\/wp-json\/wp\/v2\/product"}],"about":[{"href":"https:\/\/www.missmarmelades.com\/en\/wp-json\/wp\/v2\/types\/product"}],"replies":[{"embeddable":true,"href":"https:\/\/www.missmarmelades.com\/en\/wp-json\/wp\/v2\/comments?post=9991"}],"wp:featuredmedia":[{"embeddable":true,"href":"https:\/\/www.missmarmelades.com\/en\/wp-json\/wp\/v2\/media\/11824"}],"wp:attachment":[{"href":"https:\/\/www.missmarmelades.com\/en\/wp-json\/wp\/v2\/media?parent=9991"}],"wp:term":[{"taxonomy":"product_brand","embeddable":true,"href":"https:\/\/www.missmarmelades.com\/en\/wp-json\/wp\/v2\/product_brand?post=9991"},{"taxonomy":"product_cat","embeddable":true,"href":"https:\/\/www.missmarmelades.com\/en\/wp-json\/wp\/v2\/product_cat?post=9991"},{"taxonomy":"product_tag","embeddable":true,"href":"https:\/\/www.missmarmelades.com\/en\/wp-json\/wp\/v2\/product_tag?post=9991"}],"curies":[{"name":"wp","href":"https:\/\/api.w.org\/{rel}","templated":true}]}}